{"id":1610,"date":"2024-05-08T02:48:53","date_gmt":"2024-05-08T02:48:53","guid":{"rendered":"https:\/\/www.aquavitaeshop.com\/shop\/?post_type=product&#038;p=1610"},"modified":"2025-10-03T02:49:07","modified_gmt":"2025-10-03T02:49:07","slug":"%e9%95%b7%e6%bf%b1","status":"publish","type":"product","link":"https:\/\/www.aquavitaeshop.com\/shop\/product\/%e9%95%b7%e6%bf%b1\/","title":{"rendered":"\u9577\u6ff1\u84b8\u993e\u6240-AQUA VITAE \u00d7 \u4fe1\u6fc3\u5c4b"},"content":{"rendered":"<p><strong>| \u9577\u6ff1\u84b8\u993e\u6240 |<\/strong><\/p>\n<p><strong>AQUA VITAE \u00d7 \u4fe1\u6fc3\u5c4b \u300c\u679c\u8cbf\u793e\u5340\u300d\u679c\u8cbf\u793e\u5340\u4f4d\u65bc\u9ad8\u96c4\u5de6\u71df\u5340\u7684\u4e00\u8655\u570b\u6c11\u4f4f\u5b85\u7fa4\uff0c\u662f\u7531\u6d77\u8ecd\u7737\u6751\u679c\u8cbf\u4e09\u6751\u6539\u5efa\u800c\u6210\uff0c\u53c8\u7a31\u78a7\u6d77\u65b0\u90a8\u3002<\/strong><br \/>\n<strong>&#8211;<\/strong><br \/>\n<strong>| \u9152\u6b3e\u4ecb\u7d39 |<\/strong><br \/>\n<strong>2023\u5e742\u6708\uff0cAQUA VITAE\u4e3b\u7406\u4ebaAllen\u8d74\u65e5\u8207\u4fe1\u6fc3\u5c4b\u53ca\u9577\u6ff1\u84b8\u993e\u6240\u5408\u4f5c\uff0c\u5728\u5c4b\u4e45\u6c0f\u8207\u4ee3\u8868\u4f0a\u85e4\u793e\u9577\u5354\u52a9\u4e0b\uff0c\u6211\u5011\u4f7f\u7528\u9577\u6ff1\u84b8\u993e\u6240\u91c0\u9020\u7684\u65e5\u672c\u5a01\u58eb\u5fcc\uff0c\u4e26\u5728Allen\u8207\u4fe1\u6fc3\u5c4b\u70c8\u9152\u63a1\u8cfc\u54e1\u79cb\u672c\u6c0f\u53cd\u8986\u5617\u8a66\u5f8c\uff0c\u8abf\u914d\u51fa\u9019\u6b3e\u53f0\u65e5\u806f\u540d\u7684\u8abf\u548c\u5a01\u58eb\u5fcc(\u50c5\u7531\u539f\u9152\u5a01\u58eb\u5fcc\u6df7\u5408\u800c\u6210\u3002)<\/strong><\/p>\n<p><strong>\u6b64\u6b3e\u8abf\u548c\u5a01\u58eb\u5fcc\u4e2d\u5305\u542b\u4e8615%\u768420\u5e74\u8607\u683c\u862d\u53ca20%\u768410\u5e74\u8607\u683c\u862d\u8abf\u548c\u539f\u9152\u505a\u70ba\u57fa\u5e95\uff0c\u642d\u914d15%\u7684\u9ea5\u82bd\u98a8\u5473\u548c30%\u7684\u679c\u9999\u98a8\u5473\u8607\u683c\u862d\u55ae\u4e00\u9ea5\u82bd\u5a01\u58eb\u5fcc\u8207\u9577\u6ff1\u84b8\u993e\u6240\u751f\u7522\u7684\u65e5\u672c\u5a01\u58eb\u5fcc\uff0c\u4f86\u5145\u5be6\u6574\u9ad4\u98a8\u5473\uff0c\u6700\u5f8c\u52a0\u4e0a1\/4\u6876\u7684\u827e\u96f7\u5cf6\u5a01\u58eb\u5fcc\uff0c\u5728\u8f15\u5fae\u7684\u7159\u71fb\u6ce5\u7164\u4e2d\uff0c\u54c1\u5690\u51fa\u9577\u6ff1\u84b8\u993e\u6240\u7684\u5178\u578b\u98a8\u5473\uff0c\u8b93\u6b64\u6b3e\u53f0\u65e5\u806f\u540d\u8abf\u548c\u5a01\u58eb\u5fcc\u66f4\u52a0\u8c50\u5bcc\u3002<\/strong><br \/>\n<strong>&#8211;<\/strong><\/p>\n<p><strong>| \u9152\u6a19\u8a2d\u8a08 |<\/strong><br \/>\n<strong>\u9152\u6a19\u8a2d\u8a08\u7279\u5225\u9080\u8acb\u65e5\u672c\u756b\u5bb6\u52a0\u85e4\u7f8e\u7d00\u57f7\u7b46\u7e6a\u88fd\uff0c\u756b\u9762\u7d50\u5408\u4e86\u9ad8\u96c4\u8207\u65e5\u672c\u5143\u7d20\uff0c\u7a7f\u8457\u548c\u670d\u7684\u5c11\u5973\uff0c\u7ad9\u5728\u9ad8\u96c4\u7684\u679c\u8cbf\u793e\u5340\u4e2d\uff0c\u908a\u6846\u9ede\u7db4\u7684\u82b1\u6735\uff0c\u662f\u9ad8\u96c4\u7684\u4ee3\u8868\u82b1\u4e4b\u4e00\u300c\u6276\u6851\u82b1\u300d\u3002<\/strong><\/p>\n<p><strong>\u300e\u53f0\u6e7e\u6563\u6b69\u300f<br \/>\n<\/strong><strong>\u53f0\u6e7e\u5357\u90e8\u6700\u5927\u306e\u7737\u6751\uff08\u8aad\u307f\uff1aju\u00e0n c\u016bn\uff09\u3060\u3063\u305f\u5927\u578b\u56e3\u5730\u3001\u300e\u679c\u8cbf\u793e\u5340\u300f\uff08\u8aad\u307f\uff1agu\u01d2 m\u00e0o sh\u00e8 q\u016b\uff09\u3002\u7737\u6751\u3068\u306f\u3001\u53f0\u6e7e\u3067\u5916\u7701\u4eba\u304c\u5c45\u4f4f\u3057\u3066\u3044\u305f\u5730\u533a\u306e\u3053\u3068\u3067\u3059\u3002\u73cd\u3057\u3044\u534a\u5186\u578b\u306e\u68df\u306f\u3068\u3063\u3066\u3082\u30d5\u30a9\u30c8\u30b8\u30a7\u30cb\u30c3\u30af\u3002\u9ad8\u96c4\u3067\u3082\u4eba\u6c17\u306e\u89b3\u5149\u30b9\u30dd\u30c3\u30c8\u3067\u3059\u3002\u30ec\u30c8\u30ed\u3067\u4e0d\u601d\u8b70\u306a\u96f0\u56f2\u6c17\u304c\u3068\u3066\u3082\u9b45\u529b\u7684\u3002<br \/>\n<\/strong><strong>\u305d\u3093\u306a\u300e\u679c\u8cbf\u793e\u5340\u300f\u3078\u300c\u65e5\u6708\u7dd1\u9152\u30fb\u6e56\u6c34\u9e97\u4eba\u300d\uff08\u9577\u6ff1\u84b8\u7559\u6240\uff09\u3067\u63cf\u3044\u305f\u5973\u6027\u304c\u65c5\u3092\u3057\u3066\u304a\u6563\u6b69\u3059\u308b\u3068\u3044\u3046\u98a8\u666f\u3092\u63cf\u3044\u3066\u3044\u307e\u3059\u3002<br \/>\n<\/strong><strong>-\u52a0\u85e4\u7f8e\u7d00-<\/strong><br \/>\n\u8cc7\u8a0a\u4f86\u6e90\uff1a\u52a0\u85e4\u7f8e\u7d00IG <a href=\"https:\/\/reurl.cc\/V4QOGb\">https:\/\/reurl.cc\/V4QOGb<\/a><\/p>\n","protected":false},"excerpt":{"rendered":"<p>\u9999\u6c23 : \u9752\u860b\u679c\u3001\u8591\u3001\u9ea5\u82bd\u3001\u860b\u679c\u897f\u6253\u3001\u5976\u6cb9\u3001\u7cd5\u9ede\u3001\u8354\u679d\u3001\u9183\u6f2c\u6afb\u6843\u3001\u6e05\u723d\u9ea5\u82bd\u9999\u3001\u871c\u991e\u6ab8\u6aac\u76ae\u3001\u9ea5\u687f\u3001\u51b7\u51cd\u70cf\u9f8d\u8336\u53ca\u7cd6\u6f3f<\/p>\n<p>\u53e3\u611f : \u7565\u5e36\u6cb9\u8102\u611f\u3001\u9ea5\u82bd\u9999\u6c23\u3001\u70ad\u71d2\u9999\u3001\u5976\u6cb9\u3001\u8336\u9999\u3001\u6afb\u6843\u3001\u8702\u871c\u6ab8\u6aac\u3001\u8584\u8377<br \/>\n\uff0a\u505a\u6210HGHBALL\u5f8c,\u9ea5\u82bd\u7684\u751c\u5473\u66f4\u52a0\u51f8\u986f<\/p>\n<p>\u5c3e\u97fb : \u751c\u611f\u7a81\u51fa\u3001\u4e00\u7d72\u8336\u9999\u3001\u8354\u679d\u8702\u871c\u3001\u8584\u8377\u9999\u8349,\u5e36\u9ede\u8f15\u5fae\u7684\u7159\u718f\u5473<\/p>\n","protected":false},"featured_media":1611,"comment_status":"open","ping_status":"closed","template":"","meta":[],"product_brand":[425,433],"product_cat":[38],"product_tag":[],"class_list":{"0":"post-1610","1":"product","2":"type-product","3":"status-publish","4":"has-post-thumbnail","6":"product_brand-aqua-vitae-whisky-selection","7":"product_brand-shinanoya","8":"product_cat-38","9":"entry","11":"first","12":"instock","13":"shipping-taxable","14":"product-type-simple"},"jetpack_sharing_enabled":true,"_links":{"self":[{"href":"https:\/\/www.aquavitaeshop.com\/shop\/wp-json\/wp\/v2\/product\/1610","targetHints":{"allow":["GET"]}}],"collection":[{"href":"https:\/\/www.aquavitaeshop.com\/shop\/wp-json\/wp\/v2\/product"}],"about":[{"href":"https:\/\/www.aquavitaeshop.com\/shop\/wp-json\/wp\/v2\/types\/product"}],"replies":[{"embeddable":true,"href":"https:\/\/www.aquavitaeshop.com\/shop\/wp-json\/wp\/v2\/comments?post=1610"}],"version-history":[{"count":5,"href":"https:\/\/www.aquavitaeshop.com\/shop\/wp-json\/wp\/v2\/product\/1610\/revisions"}],"predecessor-version":[{"id":1634,"href":"https:\/\/www.aquavitaeshop.com\/shop\/wp-json\/wp\/v2\/product\/1610\/revisions\/1634"}],"wp:featuredmedia":[{"embeddable":true,"href":"https:\/\/www.aquavitaeshop.com\/shop\/wp-json\/wp\/v2\/media\/1611"}],"wp:attachment":[{"href":"https:\/\/www.aquavitaeshop.com\/shop\/wp-json\/wp\/v2\/media?parent=1610"}],"wp:term":[{"taxonomy":"product_brand","embeddable":true,"href":"https:\/\/www.aquavitaeshop.com\/shop\/wp-json\/wp\/v2\/product_brand?post=1610"},{"taxonomy":"product_cat","embeddable":true,"href":"https:\/\/www.aquavitaeshop.com\/shop\/wp-json\/wp\/v2\/product_cat?post=1610"},{"taxonomy":"product_tag","embeddable":true,"href":"https:\/\/www.aquavitaeshop.com\/shop\/wp-json\/wp\/v2\/product_tag?post=1610"}],"curies":[{"name":"wp","href":"https:\/\/api.w.org\/{rel}","templated":true}]}}